{"id":36,"date":"2022-06-27T17:52:14","date_gmt":"2022-06-27T20:52:14","guid":{"rendered":"http:\/\/lauraserafini.com.br\/?page_id=36"},"modified":"2022-06-27T22:43:48","modified_gmt":"2022-06-28T01:43:48","slug":"sobre","status":"publish","type":"page","link":"https:\/\/lauraserafini.com.br\/?page_id=36","title":{"rendered":"Sobre"},"content":{"rendered":"\n<p>Formada em&nbsp;Arquitetura e Urbanismo pela PUC Minas, em 2003, e com passagem por diversos escrit\u00f3rios, incluindo um de arquitetura, em Los Angeles\/EUA, Laura atua em projetos de arquitetura e interiores residenciais e comerciais.&nbsp;<\/p>\n\n\n\n<p>Busca uma rela\u00e7\u00e3o estreita com o cliente, de modo a entend\u00ea-lo, para que a identidade de cada um seja impressa nos projetos.&nbsp;<\/p>\n\n\n\n<p>O escrit\u00f3rio tem realizado trabalhos com uma mistura de estilos, que variam de acordo com a demanda.<\/p>\n","protected":false},"excerpt":{"rendered":"<p>Formada em&nbsp;Arquitetura e Urbanismo pela PUC Minas, em 2003, e com passagem por diversos escrit\u00f3rios, incluindo um de arquitetura, em Los Angeles\/EUA, Laura atua em projetos de arquitetura e interiores residenciais e comerciais.&nbsp; Busca uma rela\u00e7\u00e3o estreita com o cliente, de modo a entend\u00ea-lo, para que a identidade de cada um seja impressa nos projetos.&nbsp; &hellip; <\/p>\n<p class=\"link-more\"><a href=\"https:\/\/lauraserafini.com.br\/?page_id=36\" class=\"more-link\">Continue reading<span class=\"screen-reader-text\"> &#8220;Sobre&#8221;<\/span><\/a><\/p>\n","protected":false},"author":1,"featured_media":97,"parent":0,"menu_order":0,"comment_status":"closed","ping_status":"closed","template":"","meta":{"footnotes":""},"class_list":["post-36","page","type-page","status-publish","has-post-thumbnail","hentry"],"_links":{"self":[{"href":"https:\/\/lauraserafini.com.br\/index.php?rest_route=\/wp\/v2\/pages\/36","targetHints":{"allow":["GET"]}}],"collection":[{"href":"https:\/\/lauraserafini.com.br\/index.php?rest_route=\/wp\/v2\/pages"}],"about":[{"href":"https:\/\/lauraserafini.com.br\/index.php?rest_route=\/wp\/v2\/types\/page"}],"author":[{"embeddable":true,"href":"https:\/\/lauraserafini.com.br\/index.php?rest_route=\/wp\/v2\/users\/1"}],"replies":[{"embeddable":true,"href":"https:\/\/lauraserafini.com.br\/index.php?rest_route=%2Fwp%2Fv2%2Fcomments&post=36"}],"version-history":[{"count":3,"href":"https:\/\/lauraserafini.com.br\/index.php?rest_route=\/wp\/v2\/pages\/36\/revisions"}],"predecessor-version":[{"id":99,"href":"https:\/\/lauraserafini.com.br\/index.php?rest_route=\/wp\/v2\/pages\/36\/revisions\/99"}],"wp:featuredmedia":[{"embeddable":true,"href":"https:\/\/lauraserafini.com.br\/index.php?rest_route=\/wp\/v2\/media\/97"}],"wp:attachment":[{"href":"https:\/\/lauraserafini.com.br\/index.php?rest_route=%2Fwp%2Fv2%2Fmedia&parent=36"}],"curies":[{"name":"wp","href":"https:\/\/api.w.org\/{rel}","templated":true}]}}